{"id":596,"date":"2024-12-18T14:12:20","date_gmt":"2024-12-18T13:12:20","guid":{"rendered":"https:\/\/coupe-art-loic-chevert.fr\/\/\/?page_id=596"},"modified":"2026-04-08T09:43:25","modified_gmt":"2026-04-08T07:43:25","slug":"tarifs","status":"publish","type":"page","link":"https:\/\/coupe-art-loic-chevert.fr\/?page_id=596","title":{"rendered":"Tarifs"},"content":{"rendered":"<p>[et_pb_section fb_built=&#8221;1&#8243; _builder_version=&#8221;4.27.3&#8243; _module_preset=&#8221;default&#8221; background_image=&#8221;https:\/\/coupe-art-loic-chevert.fr\/\/\/wp-content\/uploads\/2024\/12\/photos_ludo_50mm-3-47823-min-min-1-scaled.jpg&#8221; parallax=&#8221;on&#8221; parallax_method=&#8221;off&#8221; da_disable_devices=&#8221;off|off|off&#8221; global_colors_info=&#8221;{}&#8221; da_is_popup=&#8221;off&#8221; da_exit_intent=&#8221;off&#8221; da_has_close=&#8221;on&#8221; da_alt_close=&#8221;off&#8221; da_dark_close=&#8221;off&#8221; da_not_modal=&#8221;on&#8221; da_is_singular=&#8221;off&#8221; da_with_loader=&#8221;off&#8221; da_has_shadow=&#8221;on&#8221;][et_pb_row _builder_version=&#8221;4.27.4&#8243; _module_preset=&#8221;default&#8221; global_colors_info=&#8221;{}&#8221;][et_pb_column type=&#8221;4_4&#8243; _builder_version=&#8221;4.27.3&#8243; _module_preset=&#8221;default&#8221; global_colors_info=&#8221;{}&#8221;][et_pb_text _builder_version=&#8221;4.27.3&#8243; _module_preset=&#8221;default&#8221; header_text_align=&#8221;center&#8221; header_text_color=&#8221;#000000&#8243; header_font_size=&#8221;70px&#8221; header_letter_spacing=&#8221;4px&#8221; global_colors_info=&#8221;{}&#8221;]<\/p>\n<h1>Tarifs<\/h1>\n<p>[\/et_pb_text][et_pb_text _builder_version=&#8221;4.27.3&#8243; _module_preset=&#8221;default&#8221; header_2_text_align=&#8221;center&#8221; header_2_text_color=&#8221;#000000&#8243; header_2_font_size=&#8221;28px&#8221; global_colors_info=&#8221;{}&#8221;]<\/p>\n<h2>Atelier de Coupe, Technique, Soins &amp; Coiffure.<\/h2>\n<p>[\/et_pb_text][\/et_pb_column][\/et_pb_row][et_pb_row _builder_version=&#8221;4.27.4&#8243; _module_preset=&#8221;default&#8221; width=&#8221;26%&#8221; width_tablet=&#8221;50%&#8221; width_phone=&#8221;80%&#8221; width_last_edited=&#8221;on|tablet&#8221; global_colors_info=&#8221;{}&#8221;][et_pb_column type=&#8221;4_4&#8243; _builder_version=&#8221;4.27.3&#8243; _module_preset=&#8221;default&#8221; global_colors_info=&#8221;{}&#8221;][et_pb_text content_tablet=&#8221;<\/p>\n<h3 style=%22text-align: center;%22><strong>COUPE FEMME<\/strong><\/h3>\n<p>&#8221; content_phone=&#8221;<\/p>\n<h3 style=%22text-align: center;%22><strong>COUPE FEMME<\/strong><\/h3>\n<p>&#8221; content_last_edited=&#8221;on|tablet&#8221; _builder_version=&#8221;4.27.4&#8243; _module_preset=&#8221;default&#8221; header_text_color=&#8221;#000000&#8243; header_font_size=&#8221;40px&#8221; header_3_text_color=&#8221;#000000&#8243; header_3_font_size=&#8221;30px&#8221; width_tablet=&#8221;&#8221; width_phone=&#8221;&#8221; width_last_edited=&#8221;on|tablet&#8221; max_width_last_edited=&#8221;off|tablet&#8221; module_alignment_tablet=&#8221;&#8221; module_alignment_phone=&#8221;&#8221; module_alignment_last_edited=&#8221;on|tablet&#8221; global_colors_info=&#8221;{}&#8221;]<\/p>\n<h3><strong>COUPE FEMME<\/strong><\/h3>\n<p>[\/et_pb_text][et_pb_text _builder_version=&#8221;4.27.4&#8243; _module_preset=&#8221;default&#8221; text_text_color=&#8221;#000000&#8243; text_font_size=&#8221;16px&#8221; width_tablet=&#8221;&#8221; width_phone=&#8221;&#8221; width_last_edited=&#8221;on|tablet&#8221; module_alignment_tablet=&#8221;center&#8221; module_alignment_phone=&#8221;center&#8221; module_alignment_last_edited=&#8221;on|tablet&#8221; custom_css_free_form=&#8221;.price {||  color:black;||  font-size:30px;||}&#8221; text_text_shadow_style=&#8221;preset3&#8243; global_colors_info=&#8221;{}&#8221;]<\/p>\n<p><em>Shampoing, Massage, Coupe, S\u00e9chage &#8211; Art Director<\/em>\u00a0 \u00a0 <span class=\"price\">61\u20ac<\/span><\/p>\n<p>[\/et_pb_text][et_pb_text _builder_version=&#8221;4.27.4&#8243; _module_preset=&#8221;default&#8221; text_text_color=&#8221;#000000&#8243; text_font_size=&#8221;16px&#8221; custom_css_free_form=&#8221;.price {||  color:black;||  font-size:34px;||}&#8221; text_text_shadow_style=&#8221;preset3&#8243; global_colors_info=&#8221;{}&#8221;]<\/p>\n<p><em>Shampoing, Massage, Coupe, S\u00e9chage &#8211; Art Stylist<\/em>\u00a0 \u00a0 <span class=\"price\">49\u20ac<\/span><\/p>\n<p>[\/et_pb_text][\/et_pb_column][\/et_pb_row][et_pb_row _builder_version=&#8221;4.27.4&#8243; _module_preset=&#8221;default&#8221; width=&#8221;26%&#8221; width_tablet=&#8221;50%&#8221; width_phone=&#8221;80%&#8221; width_last_edited=&#8221;on|tablet&#8221; global_colors_info=&#8221;{}&#8221;][et_pb_column type=&#8221;4_4&#8243; _builder_version=&#8221;4.27.3&#8243; _module_preset=&#8221;default&#8221; global_colors_info=&#8221;{}&#8221;][et_pb_text content_tablet=&#8221;<\/p>\n<h3 style=%22text-align: center;%22><strong>COUPE HOMME<\/strong><\/h3>\n<p>&#8221; content_phone=&#8221;<\/p>\n<h3 style=%22text-align: center;%22><strong>COUPE HOMME<\/strong><\/h3>\n<p>&#8221; content_last_edited=&#8221;on|tablet&#8221; _builder_version=&#8221;4.27.4&#8243; _module_preset=&#8221;default&#8221; header_text_color=&#8221;#000000&#8243; header_font_size=&#8221;40px&#8221; header_3_text_color=&#8221;#000000&#8243; header_3_font_size=&#8221;30px&#8221; global_colors_info=&#8221;{}&#8221;]<\/p>\n<h3><strong>COUPE HOMME<\/strong><\/h3>\n<p>[\/et_pb_text][et_pb_text _builder_version=&#8221;4.27.4&#8243; _module_preset=&#8221;default&#8221; text_text_color=&#8221;#000000&#8243; text_font_size=&#8221;16px&#8221; custom_css_free_form=&#8221;.price {||  color:black;||  font-size:30px;||}&#8221; text_text_shadow_style=&#8221;preset3&#8243; global_colors_info=&#8221;{}&#8221;]<\/p>\n<p><em>Shampoing, Massage, Coupe, S\u00e9chage &#8211; Art Director<\/em>\u00a0 \u00a0 <span class=\"price\">49\u20ac<\/span><\/p>\n<p>[\/et_pb_text][et_pb_text _builder_version=&#8221;4.27.4&#8243; _module_preset=&#8221;default&#8221; text_text_color=&#8221;#000000&#8243; text_font_size=&#8221;16px&#8221; custom_css_free_form=&#8221;.price {||  color:black;||  font-size:34px;||}&#8221; text_text_shadow_style=&#8221;preset3&#8243; global_colors_info=&#8221;{}&#8221;]<\/p>\n<p><em>Shampoing, Massage, Coupe, S\u00e9chage &#8211; Art Stylist<\/em>\u00a0 \u00a0 <span class=\"price\">37\u20ac<\/span><\/p>\n<p>[\/et_pb_text][\/et_pb_column][\/et_pb_row][et_pb_row _builder_version=&#8221;4.27.4&#8243; _module_preset=&#8221;default&#8221; width=&#8221;26%&#8221; width_tablet=&#8221;50%&#8221; width_phone=&#8221;80%&#8221; width_last_edited=&#8221;on|tablet&#8221; global_colors_info=&#8221;{}&#8221;][et_pb_column type=&#8221;4_4&#8243; _builder_version=&#8221;4.27.3&#8243; _module_preset=&#8221;default&#8221; global_colors_info=&#8221;{}&#8221;][et_pb_text _builder_version=&#8221;4.27.3&#8243; _module_preset=&#8221;default&#8221; header_text_color=&#8221;#000000&#8243; header_font_size=&#8221;40px&#8221; header_3_text_color=&#8221;#000000&#8243; header_3_font_size=&#8221;30px&#8221; custom_css_free_form=&#8221;.mini_title {||  font-size:18px;||}&#8221; global_colors_info=&#8221;{}&#8221;]<\/p>\n<h3><strong>COUPE ENFANT <span class=\"mini_title\">(Jusqu&#8217;\u00e0 12 ans)<\/span><\/strong><\/h3>\n<p>[\/et_pb_text][et_pb_text _builder_version=&#8221;4.27.4&#8243; _module_preset=&#8221;default&#8221; text_text_color=&#8221;#000000&#8243; text_font_size=&#8221;16px&#8221; custom_css_free_form=&#8221;.price {||  color:black;||  font-size:34px;||}&#8221; text_text_shadow_style=&#8221;preset3&#8243; global_colors_info=&#8221;{}&#8221;]<\/p>\n<p><em>Shampoing, Massage, Coupe, S\u00e9chage &#8211; Art Director<\/em>\u00a0 \u00a0 <span class=\"price\">37\u20ac<\/span><\/p>\n<p>[\/et_pb_text][et_pb_text _builder_version=&#8221;4.27.4&#8243; _module_preset=&#8221;default&#8221; text_text_color=&#8221;#000000&#8243; text_font_size=&#8221;16px&#8221; custom_css_free_form=&#8221;.price {||  color:black;||  font-size:34px;||}&#8221; text_text_shadow_style=&#8221;preset3&#8243; global_colors_info=&#8221;{}&#8221;]<\/p>\n<p><em>Shampoing, Massage, Coupe, S\u00e9chage &#8211; Art Stylist<\/em>\u00a0 \u00a0 <span class=\"price\">30\u20ac<\/span><\/p>\n<p>[\/et_pb_text][\/et_pb_column][\/et_pb_row][et_pb_row _builder_version=&#8221;4.27.4&#8243; _module_preset=&#8221;default&#8221; width=&#8221;26%&#8221; width_tablet=&#8221;50%&#8221; width_phone=&#8221;80%&#8221; width_last_edited=&#8221;on|tablet&#8221; global_colors_info=&#8221;{}&#8221;][et_pb_column type=&#8221;4_4&#8243; _builder_version=&#8221;4.27.3&#8243; _module_preset=&#8221;default&#8221; global_colors_info=&#8221;{}&#8221;][et_pb_text content_tablet=&#8221;<\/p>\n<h3 style=%22text-align: center;%22><strong>AUTRES PRESTATIONS<\/strong><\/h3>\n<p>&#8221; content_phone=&#8221;<\/p>\n<h3 style=%22text-align: center;%22><strong>AUTRES PRESTATIONS<\/strong><\/h3>\n<p>&#8221; content_last_edited=&#8221;on|tablet&#8221; _builder_version=&#8221;4.27.4&#8243; _module_preset=&#8221;default&#8221; header_text_color=&#8221;#000000&#8243; header_font_size=&#8221;40px&#8221; header_3_text_color=&#8221;#000000&#8243; header_3_font_size=&#8221;30px&#8221; custom_css_free_form=&#8221;.mini_title {||  font-size:18px;||}&#8221; global_colors_info=&#8221;{}&#8221;]<\/p>\n<h3><strong>AUTRES PRESTATIONS<\/strong><\/h3>\n<p>[\/et_pb_text][et_pb_text _builder_version=&#8221;4.27.4&#8243; _module_preset=&#8221;default&#8221; text_text_color=&#8221;#000000&#8243; text_font_size=&#8221;16px&#8221; custom_css_free_form=&#8221;.price {||  color:black;||  font-size:34px;||}&#8221; text_text_shadow_style=&#8221;preset3&#8243; global_colors_info=&#8221;{}&#8221;]<\/p>\n<p><em>Shampoing, Massage, S\u00e9chage<\/em>\u00a0 \u00a0 \u00a0<span class=\"price\">24\u20ac<\/span><\/p>\n<p>[\/et_pb_text][et_pb_text _builder_version=&#8221;4.27.4&#8243; _module_preset=&#8221;default&#8221; text_text_color=&#8221;#000000&#8243; text_font_size=&#8221;16px&#8221; custom_css_free_form=&#8221;.price {||  color:black;||  font-size:34px;||}&#8221; text_text_shadow_style=&#8221;preset3&#8243; global_colors_info=&#8221;{}&#8221;]<\/p>\n<p><em>Shampoing, Massage, Brushing<\/em>\u00a0 \u00a0 <span class=\"price\">30\u20ac<\/span><\/p>\n<p>[\/et_pb_text][et_pb_text _builder_version=&#8221;4.27.4&#8243; _module_preset=&#8221;default&#8221; text_text_color=&#8221;#000000&#8243; text_font_size=&#8221;16px&#8221; custom_css_free_form=&#8221;.price {||  color:black;||  font-size:34px;||}&#8221; text_text_shadow_style=&#8221;preset3&#8243; global_colors_info=&#8221;{}&#8221;]<\/p>\n<p><em>Shampoing, Massage, Brushing (Cheveux longs)\u00a0<\/em> \u00a0 <span class=\"price\">39\u20ac<\/span><\/p>\n<p>[\/et_pb_text][et_pb_text _builder_version=&#8221;4.27.4&#8243; _module_preset=&#8221;default&#8221; text_text_color=&#8221;#000000&#8243; text_font_size=&#8221;16px&#8221; custom_css_free_form=&#8221;.price {||  color:black;||  font-size:34px;||}&#8221; text_text_shadow_style=&#8221;preset3&#8243; global_colors_info=&#8221;{}&#8221;]<\/p>\n<p><em>Soin ( Masque hydratant et nourrissant )<\/em>\u00a0 \u00a0 <span class=\"price\">9\u20ac<\/span><\/p>\n<p>[\/et_pb_text][et_pb_text _builder_version=&#8221;4.27.3&#8243; _module_preset=&#8221;default&#8221; text_text_color=&#8221;#000000&#8243; text_font_size=&#8221;16px&#8221; custom_css_free_form=&#8221;.price {||  color:black;||  font-size:34px;||}&#8221; text_text_shadow_style=&#8221;preset3&#8243; global_colors_info=&#8221;{}&#8221;]<\/p>\n<p><em>Soin intense ( 15 minutes sous la chaleur )<\/em>\u00a0 \u00a0 <span class=\"price\">15\u20ac<\/span><\/p>\n<p>[\/et_pb_text][et_pb_text _builder_version=&#8221;4.27.4&#8243; _module_preset=&#8221;default&#8221; text_text_color=&#8221;#000000&#8243; text_font_size=&#8221;16px&#8221; custom_css_free_form=&#8221;.price {||  color:black;||  font-size:34px;||}&#8221; text_text_shadow_style=&#8221;preset3&#8243; global_colors_info=&#8221;{}&#8221;]<em>\u00c9clat Sublime &#038; Lumi\u00e8re d\u2019Argent <\/em>\u00a0 \u00a0<span class=\"price\">15\u20ac<\/span>[\/et_pb_text][et_pb_text _builder_version=&#8221;4.27.4&#8243; _module_preset=&#8221;default&#8221; text_text_color=&#8221;#000000&#8243; text_font_size=&#8221;16px&#8221; custom_css_free_form=&#8221;.price {||  color:black;||  font-size:34px;||}&#8221; text_text_shadow_style=&#8221;preset3&#8243; global_colors_info=&#8221;{}&#8221;]<\/p>\n<p><em>Soin Intense + S\u00e9chage<\/em>\u00a0 \u00a0 <span class=\"price\">39\u20ac<\/span><\/p>\n<p>[\/et_pb_text][et_pb_text _builder_version=&#8221;4.27.4&#8243; _module_preset=&#8221;default&#8221; text_text_color=&#8221;#000000&#8243; text_font_size=&#8221;16px&#8221; custom_css_free_form=&#8221;.price {||  color:black;||  font-size:34px;||}&#8221; text_text_shadow_style=&#8221;preset3&#8243; global_colors_info=&#8221;{}&#8221;]<\/p>\n<p><em>Soin Intense + Brushing\u00a0<\/em> \u00a0<span class=\"price\">45\u20ac<\/span><\/p>\n<p>[\/et_pb_text][et_pb_text _builder_version=&#8221;4.27.4&#8243; _module_preset=&#8221;default&#8221; text_text_color=&#8221;#000000&#8243; text_font_size=&#8221;16px&#8221; custom_css_free_form=&#8221;.price {||  color:black;||  font-size:34px;||}&#8221; text_text_shadow_style=&#8221;preset3&#8243; global_colors_info=&#8221;{}&#8221;]<\/p>\n<p><em>Soin Intense + Brushing ( Cheveux longs )<\/em>\u00a0 \u00a0<span class=\"price\">54\u20ac<\/span><\/p>\n<p>[\/et_pb_text][\/et_pb_column][\/et_pb_row][et_pb_row _builder_version=&#8221;4.27.4&#8243; _module_preset=&#8221;default&#8221; width=&#8221;26%&#8221; width_tablet=&#8221;50%&#8221; width_phone=&#8221;80%&#8221; width_last_edited=&#8221;on|tablet&#8221; custom_margin=&#8221;||||false|false&#8221; global_colors_info=&#8221;{}&#8221;][et_pb_column type=&#8221;4_4&#8243; _builder_version=&#8221;4.27.3&#8243; _module_preset=&#8221;default&#8221; global_colors_info=&#8221;{}&#8221;][et_pb_text content_tablet=&#8221;<\/p>\n<h3 style=%22text-align: center;%22><strong>COULEUR<\/strong><\/h3>\n<p>&#8221; content_phone=&#8221;<\/p>\n<h3 style=%22text-align: center;%22><strong>COULEUR<\/strong><\/h3>\n<p>&#8221; content_last_edited=&#8221;on|tablet&#8221; _builder_version=&#8221;4.27.4&#8243; _module_preset=&#8221;default&#8221; header_text_color=&#8221;#000000&#8243; header_font_size=&#8221;40px&#8221; header_3_text_color=&#8221;#000000&#8243; header_3_font_size=&#8221;30px&#8221; custom_css_free_form=&#8221;.mini_title {||  font-size:18px;||}&#8221; global_colors_info=&#8221;{}&#8221;]<\/p>\n<h3 style=\"text-align: left;\"><strong>COULEUR<\/strong><\/h3>\n<p>[\/et_pb_text][et_pb_text _builder_version=&#8221;4.27.4&#8243; _module_preset=&#8221;default&#8221; text_text_color=&#8221;#000000&#8243; text_font_size=&#8221;16px&#8221; custom_css_free_form=&#8221;.price {||  color:black;||  font-size:34px;||}&#8221; text_text_shadow_style=&#8221;preset3&#8243; global_colors_info=&#8221;{}&#8221;]<\/p>\n<p style=\"text-align: left;\"><em>D&#8217;oxydation, ton sur ton, v\u00e9g\u00e9tale, henn\u00e9<\/em>\u00a0 \u00a0 \u00a0<span class=\"price\">49\u20ac<\/span><\/p>\n<p>[\/et_pb_text][et_pb_text _builder_version=&#8221;4.27.4&#8243; _module_preset=&#8221;default&#8221; text_text_color=&#8221;#000000&#8243; text_font_size=&#8221;16px&#8221; custom_css_free_form=&#8221;.price {||  color:black;||  font-size:34px;||}&#8221; text_text_shadow_style=&#8221;preset3&#8243; global_colors_info=&#8221;{}&#8221;]<\/p>\n<p style=\"text-align: left;\"><em>Couleur v\u00e9g\u00e9tale SUPERNATURAL WELLA<\/em>\u00a0 \u00a0 \u00a0<span class=\"price\">59\u20ac<\/span><\/p>\n<p>[\/et_pb_text][et_pb_text _builder_version=&#8221;4.27.4&#8243; _module_preset=&#8221;default&#8221; text_text_color=&#8221;#000000&#8243; text_font_size=&#8221;16px&#8221; hover_enabled=&#8221;0&#8243; custom_css_free_form=&#8221;.price {||  color:black;||  font-size:34px;||}&#8221; text_text_shadow_style=&#8221;preset3&#8243; global_colors_info=&#8221;{}&#8221; sticky_enabled=&#8221;0&#8243;]<\/p>\n<p style=\"text-align: left;\"><em>Couleur v\u00e9g\u00e9tale couverture + (2 applications) <\/em>\u00a0 \u00a0 \u00a0<span class=\"price\">110\u20ac<\/span><\/p>\n<p>[\/et_pb_text][et_pb_text _builder_version=&#8221;4.27.4&#8243; _module_preset=&#8221;default&#8221; text_text_color=&#8221;#000000&#8243; text_font_size=&#8221;16px&#8221; width=&#8221;600px&#8221; width_tablet=&#8221;600px&#8221; width_phone=&#8221;100%&#8221; width_last_edited=&#8221;on|phone&#8221; max_width=&#8221;100%&#8221; custom_css_free_form=&#8221;.price {||  color:black;||  font-size:34px;||}&#8221; text_text_shadow_style=&#8221;preset3&#8243; global_colors_info=&#8221;{}&#8221;]<\/p>\n<p style=\"text-align: left;\"><em>Dose suppl\u00e9mentaire ( couleur ou patine m\u00e8ches )<\/em>\u00a0 \u00a0 <span class=\"price\">10 \u00e0 20\u20ac<\/span><\/p>\n<p>[\/et_pb_text][et_pb_text _builder_version=&#8221;4.27.4&#8243; _module_preset=&#8221;default&#8221; text_text_color=&#8221;#000000&#8243; text_font_size=&#8221;16px&#8221; custom_css_free_form=&#8221;.price {||  color:black;||  font-size:34px;||}&#8221; text_text_shadow_style=&#8221;preset3&#8243; global_colors_info=&#8221;{}&#8221;]<\/p>\n<p style=\"text-align: left;\"><em>M\u00e8ches \/ Balayages ( flash, ombr\u00e9&#8230; )<\/em>\u00a0 \u00a0 <span class=\"price\">40 \u00e0 150\u20ac<\/span><\/p>\n<p>[\/et_pb_text][\/et_pb_column][\/et_pb_row][et_pb_row _builder_version=&#8221;4.27.3&#8243; _module_preset=&#8221;default&#8221; global_colors_info=&#8221;{}&#8221;][et_pb_column type=&#8221;4_4&#8243; _builder_version=&#8221;4.27.3&#8243; _module_preset=&#8221;default&#8221; global_colors_info=&#8221;{}&#8221;][et_pb_text _builder_version=&#8221;4.27.3&#8243; _module_preset=&#8221;default&#8221; text_text_color=&#8221;#000000&#8243; text_font_size=&#8221;12px&#8221; text_orientation=&#8221;center&#8221; text_text_shadow_style=&#8221;preset3&#8243; global_colors_info=&#8221;{}&#8221;]<\/p>\n<p><em><strong>NOS PRIX SONT INDIQUES TVA ET SERVICE COMPRIS<\/strong><\/em><\/p>\n<p>[\/et_pb_text][\/et_pb_column][\/et_pb_row][\/et_pb_section][et_pb_section fb_built=&#8221;1&#8243; _builder_version=&#8221;4.27.3&#8243; _module_preset=&#8221;default&#8221; background_color=&#8221;#fc7a00&#8243; custom_margin=&#8221;0px|0px|0px|0px|true|true&#8221; custom_padding=&#8221;0px|0px|0px|0px|true|true&#8221; da_disable_devices=&#8221;off|off|off&#8221; locked=&#8221;off&#8221; global_colors_info=&#8221;{}&#8221; da_is_popup=&#8221;off&#8221; da_exit_intent=&#8221;off&#8221; da_has_close=&#8221;on&#8221; da_alt_close=&#8221;off&#8221; da_dark_close=&#8221;off&#8221; da_not_modal=&#8221;on&#8221; da_is_singular=&#8221;off&#8221; da_with_loader=&#8221;off&#8221; da_has_shadow=&#8221;on&#8221;][et_pb_row _builder_version=&#8221;4.27.3&#8243; _module_preset=&#8221;default&#8221; global_colors_info=&#8221;{}&#8221;][et_pb_column type=&#8221;4_4&#8243; _builder_version=&#8221;4.27.3&#8243; _module_preset=&#8221;default&#8221; global_colors_info=&#8221;{}&#8221;][et_pb_text _builder_version=&#8221;4.27.3&#8243; _module_preset=&#8221;default&#8221; text_font=&#8221;Roboto||||||||&#8221; text_text_color=&#8221;#FFFFFF&#8221; text_font_size=&#8221;34px&#8221; global_colors_info=&#8221;{}&#8221;]<\/p>\n<p style=\"text-align: center;\"><img loading=\"lazy\" decoding=\"async\" src=\"https:\/\/coupe-art-loic-chevert.fr\/\/\/wp-content\/uploads\/2024\/11\/logoCOUPE-ART-LCsansok-300x150.png\" width=\"300\" height=\"150\" alt=\"\" class=\"wp-image-122 alignnone size-medium\" srcset=\"https:\/\/coupe-art-loic-chevert.fr\/wp-content\/uploads\/2024\/11\/logoCOUPE-ART-LCsansok-300x150.png 300w, https:\/\/coupe-art-loic-chevert.fr\/wp-content\/uploads\/2024\/11\/logoCOUPE-ART-LCsansok.png 461w\" sizes=\"(max-width: 300px) 100vw, 300px\" \/><\/p>\n<p>[\/et_pb_text][\/et_pb_column][\/et_pb_row][et_pb_row column_structure=&#8221;1_3,1_3,1_3&#8243; use_custom_gutter=&#8221;on&#8221; gutter_width=&#8221;4&#8243; make_equal=&#8221;on&#8221; _builder_version=&#8221;4.27.3&#8243; _module_preset=&#8221;default&#8221; width=&#8221;75%&#8221; max_width=&#8221;100%&#8221; custom_margin=&#8221;0px||0px||true|false&#8221; custom_padding=&#8221;0px||0px||true|false&#8221; custom_css_main_element=&#8221;margin:auto;||align-items:center;&#8221; global_colors_info=&#8221;{}&#8221;][et_pb_column type=&#8221;1_3&#8243; _builder_version=&#8221;4.27.3&#8243; _module_preset=&#8221;default&#8221; global_colors_info=&#8221;{}&#8221;][et_pb_text content_tablet=&#8221;<\/p>\n<p style=%22text-align: center;%22>01.43.07.66.04<\/p>\n<p>&#8221; content_phone=&#8221;<\/p>\n<p style=%22text-align: center;%22>01.43.07.66.04<\/p>\n<p>&#8221; content_last_edited=&#8221;on|tablet&#8221; _builder_version=&#8221;4.27.4&#8243; _module_preset=&#8221;default&#8221; text_font=&#8221;Roboto||||||||&#8221; text_text_color=&#8221;#FFFFFF&#8221; text_font_size=&#8221;20px&#8221; custom_css_free_form=&#8221;.mail_loic {||  text-decoration:none;||  color:white;||}&#8221; locked=&#8221;off&#8221; global_colors_info=&#8221;{}&#8221;]<\/p>\n<p style=\"text-align: right;\">01.43.07.66.04<\/p>\n<p>[\/et_pb_text][\/et_pb_column][et_pb_column type=&#8221;1_3&#8243; _builder_version=&#8221;4.27.3&#8243; _module_preset=&#8221;default&#8221; global_colors_info=&#8221;{}&#8221;][et_pb_text content_tablet=&#8221;<\/p>\n<p style=%22text-align: center;%22>22 Rue des Colonnes du Tr\u00f4ne, 75012 Paris<\/p>\n<p>&#8221; content_phone=&#8221;<\/p>\n<p style=%22text-align: center;%22>22 Rue des Colonnes du Tr\u00f4ne, 75012 Paris<\/p>\n<p>&#8221; content_last_edited=&#8221;on|tablet&#8221; _builder_version=&#8221;4.27.4&#8243; _module_preset=&#8221;default&#8221; text_font=&#8221;Roboto||||||||&#8221; text_text_color=&#8221;#FFFFFF&#8221; text_font_size=&#8221;20px&#8221; global_colors_info=&#8221;{}&#8221;]<\/p>\n<p>22 Rue des Colonnes du Tr\u00f4ne, 75012 Paris<\/p>\n<p>[\/et_pb_text][\/et_pb_column][et_pb_column type=&#8221;1_3&#8243; _builder_version=&#8221;4.27.3&#8243; _module_preset=&#8221;default&#8221; global_colors_info=&#8221;{}&#8221;][et_pb_text content_tablet=&#8221;<\/p>\n<p style=%22text-align: center;%22> <a class=%22mail_loic%22 href=%22mailto:coupe.art@bbox.fr%22>coupe.art@bbox.fr<\/a><\/p>\n<p>&#8221; content_phone=&#8221;<\/p>\n<p style=%22text-align: center;%22> <a class=%22mail_loic%22 href=%22mailto:coupe.art@bbox.fr%22>coupe.art@bbox.fr<\/a><\/p>\n<p>&#8221; content_last_edited=&#8221;on|tablet&#8221; _builder_version=&#8221;4.27.4&#8243; _module_preset=&#8221;default&#8221; text_font=&#8221;Roboto||||||||&#8221; text_text_color=&#8221;#FFFFFF&#8221; text_font_size=&#8221;20px&#8221; custom_css_free_form=&#8221;.mail_loic {||  text-decoration:none;||  color:white;||}&#8221; locked=&#8221;off&#8221; global_colors_info=&#8221;{}&#8221;]<\/p>\n<p style=\"text-align: left;\">\u00a0<a class=\"mail_loic\" href=\"mailto:coupe.art@bbox.fr\">coupe.art@bbox.fr<\/a><\/p>\n<p>[\/et_pb_text][\/et_pb_column][\/et_pb_row][\/et_pb_section][et_pb_section fb_built=&#8221;1&#8243; _builder_version=&#8221;4.27.3&#8243; _module_preset=&#8221;default&#8221; background_color=&#8221;#fc7a00&#8243; custom_margin=&#8221;0px|0px|0px|0px|true|true&#8221; custom_padding=&#8221;0px|0px|0px|0px|true|true&#8221; da_disable_devices=&#8221;off|off|off&#8221; locked=&#8221;off&#8221; global_colors_info=&#8221;{}&#8221; da_is_popup=&#8221;off&#8221; da_exit_intent=&#8221;off&#8221; da_has_close=&#8221;on&#8221; da_alt_close=&#8221;off&#8221; da_dark_close=&#8221;off&#8221; da_not_modal=&#8221;on&#8221; da_is_singular=&#8221;off&#8221; da_with_loader=&#8221;off&#8221; da_has_shadow=&#8221;on&#8221;][et_pb_row make_equal=&#8221;on&#8221; _builder_version=&#8221;4.27.3&#8243; _module_preset=&#8221;default&#8221; background_color=&#8221;RGBA(255,255,255,0)&#8221; width=&#8221;100%&#8221; max_width=&#8221;100%&#8221; custom_css_main_element=&#8221;align-items:center;&#8221; locked=&#8221;off&#8221; global_colors_info=&#8221;{}&#8221;][et_pb_column type=&#8221;4_4&#8243; _builder_version=&#8221;4.27.3&#8243; _module_preset=&#8221;default&#8221; global_colors_info=&#8221;{}&#8221;][et_pb_text _builder_version=&#8221;4.27.3&#8243; _module_preset=&#8221;default&#8221; custom_css_free_form=&#8221;.medias {||  display:flex;||  justify-content:center;||  align-item:center;||  gap:30px;||  pointer:cursor;||}&#8221; locked=&#8221;off&#8221; global_colors_info=&#8221;{}&#8221;]<\/p>\n<div class=\"medias\"><a href=\"https:\/\/www.facebook.com\/COUPE.ART.LOIC.CHEVERT\"><img decoding=\"async\" src=\"https:\/\/coupe-art-loic-chevert.fr\/\/\/wp-content\/uploads\/2024\/12\/facebook_white.png\" width=\"50\" \/><\/a><br \/>\n<a href=\"https:\/\/www.instagram.com\/coupe.art_loic.chevert\/\"><img decoding=\"async\" src=\"https:\/\/coupe-art-loic-chevert.fr\/\/\/wp-content\/uploads\/2024\/12\/instagram_2_white.png\" width=\"50\" \/><\/a><br \/>\n<a href=\"https:\/\/www.youtube.com\/@loicchevert3053\/featured\"><img decoding=\"async\" src=\"https:\/\/coupe-art-loic-chevert.fr\/\/\/wp-content\/uploads\/2024\/12\/youtube_white.png\" width=\"50\" \/><\/a><\/div>\n<p>[\/et_pb_text][\/et_pb_column][\/et_pb_row][\/et_pb_section]<\/p>\n","protected":false},"excerpt":{"rendered":"<p>TarifsAtelier de Coupe, Technique, Soins &amp; Coiffure.COUPE FEMMEShampoing, Massage, Coupe, S\u00e9chage &#8211; Art Director\u00a0 \u00a0 61\u20acShampoing, Massage, Coupe, S\u00e9chage &#8211; Art Stylist\u00a0 \u00a0 49\u20acCOUPE HOMMEShampoing, Massage, Coupe, S\u00e9chage &#8211; Art Director\u00a0 \u00a0 49\u20acShampoing, Massage, Coupe, S\u00e9chage &#8211; Art Stylist\u00a0 \u00a0 37\u20acCOUPE ENFANT (Jusqu&#8217;\u00e0 12 ans)Shampoing, Massage, Coupe, S\u00e9chage &#8211; Art Director\u00a0 \u00a0 37\u20acShampoing, Massage, Coupe, [&hellip;]<\/p>\n","protected":false},"author":1,"featured_media":0,"parent":0,"menu_order":0,"comment_status":"closed","ping_status":"closed","template":"","meta":{"_et_pb_use_builder":"on","_et_pb_old_content":"","_et_gb_content_width":"","footnotes":""},"class_list":["post-596","page","type-page","status-publish","hentry"],"jetpack_sharing_enabled":true,"_links":{"self":[{"href":"https:\/\/coupe-art-loic-chevert.fr\/index.php?rest_route=\/wp\/v2\/pages\/596","targetHints":{"allow":["GET"]}}],"collection":[{"href":"https:\/\/coupe-art-loic-chevert.fr\/index.php?rest_route=\/wp\/v2\/pages"}],"about":[{"href":"https:\/\/coupe-art-loic-chevert.fr\/index.php?rest_route=\/wp\/v2\/types\/page"}],"author":[{"embeddable":true,"href":"https:\/\/coupe-art-loic-chevert.fr\/index.php?rest_route=\/wp\/v2\/users\/1"}],"replies":[{"embeddable":true,"href":"https:\/\/coupe-art-loic-chevert.fr\/index.php?rest_route=%2Fwp%2Fv2%2Fcomments&post=596"}],"version-history":[{"count":19,"href":"https:\/\/coupe-art-loic-chevert.fr\/index.php?rest_route=\/wp\/v2\/pages\/596\/revisions"}],"predecessor-version":[{"id":1963,"href":"https:\/\/coupe-art-loic-chevert.fr\/index.php?rest_route=\/wp\/v2\/pages\/596\/revisions\/1963"}],"wp:attachment":[{"href":"https:\/\/coupe-art-loic-chevert.fr\/index.php?rest_route=%2Fwp%2Fv2%2Fmedia&parent=596"}],"curies":[{"name":"wp","href":"https:\/\/api.w.org\/{rel}","templated":true}]}}